{"id":14,"date":"2023-10-26T15:05:04","date_gmt":"2023-10-26T15:05:04","guid":{"rendered":"https:\/\/ornamentalesr5.com\/?page_id=14"},"modified":"2024-09-12T22:23:17","modified_gmt":"2024-09-12T22:23:17","slug":"inicio","status":"publish","type":"page","link":"https:\/\/ornamentalesr5.com\/index.php\/inicio\/","title":{"rendered":"Inicio"},"content":{"rendered":"<p>En Ornamentales R5, valoramos la transparencia, la responsabilidad y el trabajo en equipo. Nos esforzamos por crear un impacto positivo en el medio ambiente y en nuestras comunidades, fomentando pr\u00e1cticas responsables y sostenibles.<\/p>\n<p>Ubicados en Rio Cuarto de Alajuela, Costa Rica, hemos consolidado nuestra posici\u00f3n en el sector, gracias a nuestro compromiso con la atenci\u00f3n personalizada, la innovaci\u00f3n y la sostenibilidad.<\/p>\n","protected":false},"excerpt":{"rendered":"<p>En Ornamentales R5, valoramos la transparencia, la responsabilidad y el trabajo en equipo. Nos esforzamos por crear un impacto positivo en el medio ambiente y en nuestras comunidades, fomentando pr\u00e1cticas responsables y sostenibles. Ubicados en Rio Cuarto de Alajuela, Costa Rica, hemos consolidado nuestra posici\u00f3n en el sector, gracias a nuestro compromiso con la atenci\u00f3n [&hellip;]<\/p>\n","protected":false},"author":1,"featured_media":0,"parent":0,"menu_order":0,"comment_status":"closed","ping_status":"closed","template":"page-template\/custom-home-page.php","meta":{"footnotes":""},"class_list":["post-14","page","type-page","status-publish","hentry"],"_links":{"self":[{"href":"https:\/\/ornamentalesr5.com\/index.php\/wp-json\/wp\/v2\/pages\/14","targetHints":{"allow":["GET"]}}],"collection":[{"href":"https:\/\/ornamentalesr5.com\/index.php\/wp-json\/wp\/v2\/pages"}],"about":[{"href":"https:\/\/ornamentalesr5.com\/index.php\/wp-json\/wp\/v2\/types\/page"}],"author":[{"embeddable":true,"href":"https:\/\/ornamentalesr5.com\/index.php\/wp-json\/wp\/v2\/users\/1"}],"replies":[{"embeddable":true,"href":"https:\/\/ornamentalesr5.com\/index.php\/wp-json\/wp\/v2\/comments?post=14"}],"version-history":[{"count":2,"href":"https:\/\/ornamentalesr5.com\/index.php\/wp-json\/wp\/v2\/pages\/14\/revisions"}],"predecessor-version":[{"id":76,"href":"https:\/\/ornamentalesr5.com\/index.php\/wp-json\/wp\/v2\/pages\/14\/revisions\/76"}],"wp:attachment":[{"href":"https:\/\/ornamentalesr5.com\/index.php\/wp-json\/wp\/v2\/media?parent=14"}],"curies":[{"name":"wp","href":"https:\/\/api.w.org\/{rel}","templated":true}]}}