{"id":16,"date":"2023-10-26T15:05:14","date_gmt":"2023-10-26T15:05:14","guid":{"rendered":"https:\/\/ornamentalesr5.com\/?page_id=16"},"modified":"2024-09-12T22:06:10","modified_gmt":"2024-09-12T22:06:10","slug":"nustra-empresa","status":"publish","type":"page","link":"https:\/\/ornamentalesr5.com\/index.php\/nustra-empresa\/","title":{"rendered":"Nuestra Empresa"},"content":{"rendered":"<p><strong>Quienes somos:<\/strong><\/p>\n<p>En Ornamentales R5, somos una empresa familiar con m\u00e1s de 25 a\u00f1os de experiencia en la producci\u00f3n de follajes y plantas ornamentales \u00a0para exportaci\u00f3n.<\/p>\n<p>Nuestra pasi\u00f3n por la horticultura nos impulsa a cuidar cada detalle del proceso de producci\u00f3n, desde la selecci\u00f3n de plantas madres y la recolecci\u00f3n de semillas, hasta el desarrollo y cuidado de nuestras plantas. Nos adaptamos a las necesidades espec\u00edficas de nuestros clientes, garantizando la calidad de productos que embellecen y transforman espacios alrededor del mundo<\/p>\n<p><strong>Nuestra Misi\u00f3n:<\/strong><\/p>\n<p>En Ornamentales R5, nos dedicamos a cultivar belleza y sostenibilidad. Nuestra misi\u00f3n es producir follajes y plantas ornamentales de la m\u00e1s alta calidad, utilizando pr\u00e1cticas responsables que respeten y protejan nuestro entorno. Nos esforzamos por crear un impacto positivo en el medio ambiente y en nuestras comunidades, mientras brindamos a nuestros clientes productos que embellecen y transforman espacios alrededor del mundo. Valoramos la transparencia, la responsabilidad y el trabajo en equipo, y estamos comprometidos con el crecimiento continuo y la excelencia en todo lo que hacemos. Con pasi\u00f3n y dedicaci\u00f3n, buscamos embellecer espacios en todo el mundo, manteniendo siempre nuestros valores fundamentales.<\/p>\n<p><strong>Nuestra Visi\u00f3n:<\/strong><\/p>\n<p>Ser reconocidos en la producci\u00f3n de follajes y plantas ornamentales, destac\u00e1ndonos por nuestra calidad, innovaci\u00f3n y compromiso con la sostenibilidad. Aspiramos a transformar la industria de las plantas ornamentales mediante pr\u00e1cticas ecol\u00f3gicas y responsables, creando un legado de belleza y respeto por el medio ambiente. Queremos ser una fuente de inspiraci\u00f3n para nuestros colaboradores y comunidades, promoviendo el desarrollo econ\u00f3mico y social a trav\u00e9s de nuestro trabajo. Nuestro objetivo es continuar creciendo y evolucionando, adapt\u00e1ndonos a las necesidades cambiantes del mercado y superando las expectativas de nuestros clientes en todo el mundo.<\/p>\n","protected":false},"excerpt":{"rendered":"<p>Quienes somos: En Ornamentales R5, somos una empresa familiar con m\u00e1s de 25 a\u00f1os de experiencia en la producci\u00f3n de follajes y plantas ornamentales \u00a0para exportaci\u00f3n. Nuestra pasi\u00f3n por la horticultura nos impulsa a cuidar cada detalle del proceso de producci\u00f3n, desde la selecci\u00f3n de plantas madres y la recolecci\u00f3n de semillas, hasta el desarrollo [&hellip;]<\/p>\n","protected":false},"author":1,"featured_media":33,"parent":0,"menu_order":0,"comment_status":"closed","ping_status":"closed","template":"","meta":{"footnotes":""},"class_list":["post-16","page","type-page","status-publish","has-post-thumbnail","hentry"],"_links":{"self":[{"href":"https:\/\/ornamentalesr5.com\/index.php\/wp-json\/wp\/v2\/pages\/16","targetHints":{"allow":["GET"]}}],"collection":[{"href":"https:\/\/ornamentalesr5.com\/index.php\/wp-json\/wp\/v2\/pages"}],"about":[{"href":"https:\/\/ornamentalesr5.com\/index.php\/wp-json\/wp\/v2\/types\/page"}],"author":[{"embeddable":true,"href":"https:\/\/ornamentalesr5.com\/index.php\/wp-json\/wp\/v2\/users\/1"}],"replies":[{"embeddable":true,"href":"https:\/\/ornamentalesr5.com\/index.php\/wp-json\/wp\/v2\/comments?post=16"}],"version-history":[{"count":5,"href":"https:\/\/ornamentalesr5.com\/index.php\/wp-json\/wp\/v2\/pages\/16\/revisions"}],"predecessor-version":[{"id":75,"href":"https:\/\/ornamentalesr5.com\/index.php\/wp-json\/wp\/v2\/pages\/16\/revisions\/75"}],"wp:featuredmedia":[{"embeddable":true,"href":"https:\/\/ornamentalesr5.com\/index.php\/wp-json\/wp\/v2\/media\/33"}],"wp:attachment":[{"href":"https:\/\/ornamentalesr5.com\/index.php\/wp-json\/wp\/v2\/media?parent=16"}],"curies":[{"name":"wp","href":"https:\/\/api.w.org\/{rel}","templated":true}]}}